{"id":181,"date":"2021-12-07T15:12:04","date_gmt":"2021-12-07T14:12:04","guid":{"rendered":"https:\/\/www.omasgegenrechts-dresden.de\/?page_id=181"},"modified":"2026-03-31T19:52:45","modified_gmt":"2026-03-31T17:52:45","slug":"impressum","status":"publish","type":"page","link":"https:\/\/www.omasgegenrechts-dresden.de\/index.php\/impressum\/","title":{"rendered":"Impressum"},"content":{"rendered":"\n<h1 class=\"wp-block-heading\">Betreiber und inhaltliche Verantwortung<\/h1>\n\n\n\n<p>OMAS GEGEN RECHTS.DRESDEN<br>E-Mail: <a href=\"mailto:omasgegenrechtsdresden@web.de\" title=\"\">omasgegenrechtsdresden@web.de<\/a><br>Redaktion: Barbara Hahn, Dorrit Riemenschneider-Denecke, Dietlinde B\u00fcttner<\/p>\n\n\n\n<p>OMAS GEGEN RECHTS.DRESDEN<br>c\/o FrauenBildungsHaus e.V.<br>Oskarstra\u00dfe 1<br>01219 Dresden<\/p>\n\n\n\n<div class=\"wp-block-columns is-layout-flex wp-container-core-columns-is-layout-9d6595d7 wp-block-columns-is-layout-flex\">\n<div class=\"wp-block-column is-layout-flow wp-block-column-is-layout-flow\">\n<p><br>Die Erstellung der Website wurde durch das B\u00fcrgermeisteramt der Landeshauptstadt Dresden gef\u00f6rdert.<\/p>\n<\/div>\n\n\n\n<div class=\"wp-block-column is-layout-flow wp-block-column-is-layout-flow\">\n<figure class=\"wp-block-image size-full is-resized\"><img loading=\"lazy\" decoding=\"async\" width=\"400\" height=\"250\" src=\"https:\/\/www.omasgegenrechts-dresden.de\/wp-content\/uploads\/2021\/12\/LHD_Logo_sw.jpeg\" alt=\"\" class=\"wp-image-204\" style=\"width:329px;height:206px\" srcset=\"https:\/\/www.omasgegenrechts-dresden.de\/wp-content\/uploads\/2021\/12\/LHD_Logo_sw.jpeg 400w, https:\/\/www.omasgegenrechts-dresden.de\/wp-content\/uploads\/2021\/12\/LHD_Logo_sw-300x188.jpeg 300w\" sizes=\"auto, (max-width: 400px) 100vw, 400px\" \/><\/figure>\n<\/div>\n<\/div>\n\n\n\n<h2 class=\"wp-block-heading\" id=\"m2537\">technische Umsetzung und Verantwortung<\/h2>\n\n\n\n<p>Eduard Hahn<br>Via Giacomo Venezian, 3<br>40121 Bologna<br>Italien<\/p>\n\n\n\n<p><meta charset=\"utf-8\">E-Mail: kontakt@edehahn.com<\/p>\n","protected":false},"excerpt":{"rendered":"<p>Betreiber und inhaltliche Verantwortung OMAS GEGEN RECHTS.DRESDENE-Mail: omasgegenrechtsdresden@web.deRedaktion: Barbara Hahn, Dorrit Riemenschneider-Denecke, Dietlinde B\u00fcttner OMAS GEGEN RECHTS.DRESDENc\/o FrauenBildungsHaus e.V.Oskarstra\u00dfe 101219 Dresden Die Erstellung der Website wurde durch das B\u00fcrgermeisteramt der Landeshauptstadt Dresden gef\u00f6rdert. technische Umsetzung und Verantwortung Eduard HahnVia Giacomo Venezian, 340121 BolognaItalien E-Mail: kontakt@edehahn.com<\/p>\n","protected":false},"author":1,"featured_media":0,"parent":0,"menu_order":0,"comment_status":"closed","ping_status":"closed","template":"","meta":{"om_disable_all_campaigns":false,"_monsterinsights_skip_tracking":false,"_monsterinsights_sitenote_active":false,"_monsterinsights_sitenote_note":"","_monsterinsights_sitenote_category":0,"footnotes":""},"class_list":["post-181","page","type-page","status-publish","hentry"],"aioseo_notices":[],"_links":{"self":[{"href":"https:\/\/www.omasgegenrechts-dresden.de\/index.php\/wp-json\/wp\/v2\/pages\/181","targetHints":{"allow":["GET"]}}],"collection":[{"href":"https:\/\/www.omasgegenrechts-dresden.de\/index.php\/wp-json\/wp\/v2\/pages"}],"about":[{"href":"https:\/\/www.omasgegenrechts-dresden.de\/index.php\/wp-json\/wp\/v2\/types\/page"}],"author":[{"embeddable":true,"href":"https:\/\/www.omasgegenrechts-dresden.de\/index.php\/wp-json\/wp\/v2\/users\/1"}],"replies":[{"embeddable":true,"href":"https:\/\/www.omasgegenrechts-dresden.de\/index.php\/wp-json\/wp\/v2\/comments?post=181"}],"version-history":[{"count":21,"href":"https:\/\/www.omasgegenrechts-dresden.de\/index.php\/wp-json\/wp\/v2\/pages\/181\/revisions"}],"predecessor-version":[{"id":3140,"href":"https:\/\/www.omasgegenrechts-dresden.de\/index.php\/wp-json\/wp\/v2\/pages\/181\/revisions\/3140"}],"wp:attachment":[{"href":"https:\/\/www.omasgegenrechts-dresden.de\/index.php\/wp-json\/wp\/v2\/media?parent=181"}],"curies":[{"name":"wp","href":"https:\/\/api.w.org\/{rel}","templated":true}]}}