{"id":2893,"date":"2025-11-16T17:21:18","date_gmt":"2025-11-16T16:21:18","guid":{"rendered":"https:\/\/www.omasgegenrechts-dresden.de\/?page_id=2893"},"modified":"2025-11-30T18:05:19","modified_gmt":"2025-11-30T17:05:19","slug":"wir-zum-thema-frieden","status":"publish","type":"page","link":"https:\/\/www.omasgegenrechts-dresden.de\/index.php\/wir-zum-thema-frieden\/","title":{"rendered":"Wir zum Thema Frieden"},"content":{"rendered":"\n<h2 class=\"wp-block-heading\"><strong>Die Friedenstaube fliegt nicht f\u00fcr Faschismus und Rassismus!<\/strong><\/h2>\n\n\n\n<div class=\"wp-block-columns is-layout-flex wp-container-core-columns-is-layout-9d6595d7 wp-block-columns-is-layout-flex\">\n<div class=\"wp-block-column is-layout-flow wp-block-column-is-layout-flow\">\n<figure class=\"wp-block-image size-full\"><img loading=\"lazy\" decoding=\"async\" width=\"960\" height=\"960\" src=\"https:\/\/www.omasgegenrechts-dresden.de\/wp-content\/uploads\/2025\/11\/Friedenstaube_weiss_blau_kreis.svg_.png\" alt=\"\" class=\"wp-image-2894\" srcset=\"https:\/\/www.omasgegenrechts-dresden.de\/wp-content\/uploads\/2025\/11\/Friedenstaube_weiss_blau_kreis.svg_.png 960w, https:\/\/www.omasgegenrechts-dresden.de\/wp-content\/uploads\/2025\/11\/Friedenstaube_weiss_blau_kreis.svg_-300x300.png 300w, https:\/\/www.omasgegenrechts-dresden.de\/wp-content\/uploads\/2025\/11\/Friedenstaube_weiss_blau_kreis.svg_-150x150.png 150w, https:\/\/www.omasgegenrechts-dresden.de\/wp-content\/uploads\/2025\/11\/Friedenstaube_weiss_blau_kreis.svg_-768x768.png 768w\" sizes=\"auto, (max-width: 960px) 100vw, 960px\" \/><\/figure>\n<\/div>\n\n\n\n<div class=\"wp-block-column is-layout-flow wp-block-column-is-layout-flow\">\n<figure class=\"wp-block-image size-full\"><img loading=\"lazy\" decoding=\"async\" width=\"1000\" height=\"1025\" src=\"https:\/\/www.omasgegenrechts-dresden.de\/wp-content\/uploads\/2025\/11\/Logo-Schwerter-zu-Pflugscharen-RGB-1.gif\" alt=\"\" class=\"wp-image-2895\"\/><\/figure>\n<\/div>\n\n\n\n<div class=\"wp-block-column is-layout-flow wp-block-column-is-layout-flow\">\n<figure class=\"wp-block-image size-full\"><img loading=\"lazy\" decoding=\"async\" width=\"300\" height=\"300\" src=\"https:\/\/www.omasgegenrechts-dresden.de\/wp-content\/uploads\/2025\/11\/peace_zeichen1.png\" alt=\"\" class=\"wp-image-2898\" srcset=\"https:\/\/www.omasgegenrechts-dresden.de\/wp-content\/uploads\/2025\/11\/peace_zeichen1.png 300w, https:\/\/www.omasgegenrechts-dresden.de\/wp-content\/uploads\/2025\/11\/peace_zeichen1-150x150.png 150w\" sizes=\"auto, (max-width: 300px) 100vw, 300px\" \/><\/figure>\n<\/div>\n<\/div>\n\n\n\n<h3 class=\"wp-block-heading\"><strong>Friedenstaube, Schwerter zu Pflugscharen, das CND-Symbol \u2013<\/strong> <strong>das sind Zeichen f\u00fcr eine bessere Welt, f\u00fcr die Forderung nach Frieden und ein gleichberechtigtes Zusammenleben aller Menschen.<\/strong><\/h3>\n\n\n\n<p>Rechte Parteien, die Faschismus und Rassismus propagieren, vereinnahmen diese Symbole. Sie gewinnen so Menschen f\u00fcr sich, die mit der einseitigen Politik der Aufr\u00fcstung nicht einverstanden sind. <br>Schaut man aber genauer hin, so tr\u00e4umen gerade rechte Parteien von einem (milit\u00e4risch) starken Deutschland. Zudem verbreiten sie Hass und Hetze, diffamieren politische Gegner und bedrohen Menschen, die sie als \u201efremd\u201c ansehen. <br>Das vertr\u00e4gt sich nicht mit dem Willen zum Frieden. <br>Wir, die OMAS GEGEN RECHTS.DRESDEN, widersprechen jedem Missbrauch der Friedenssymbole durch rechte Parteien. <br><strong>Lasst uns mit diesen Symbolen gemeinsam mit allen friedliebenden Menschen f\u00fcr Frieden und Abr\u00fcstung k\u00e4mpfen!<\/strong> <br>Rechte Parteien, Faschismus und Rassismus haben dabei keinen Platz.<\/p>\n\n\n\n<div class=\"wp-block-columns is-layout-flex wp-container-core-columns-is-layout-9d6595d7 wp-block-columns-is-layout-flex\">\n<div class=\"wp-block-column is-layout-flow wp-block-column-is-layout-flow\" style=\"flex-basis:33.33%\">\n<figure class=\"wp-block-image size-full\"><img loading=\"lazy\" decoding=\"async\" width=\"960\" height=\"960\" src=\"https:\/\/www.omasgegenrechts-dresden.de\/wp-content\/uploads\/2025\/11\/Friedenstaube_weiss_blau_kreis.svg_.png\" alt=\"\" class=\"wp-image-2894\" srcset=\"https:\/\/www.omasgegenrechts-dresden.de\/wp-content\/uploads\/2025\/11\/Friedenstaube_weiss_blau_kreis.svg_.png 960w, https:\/\/www.omasgegenrechts-dresden.de\/wp-content\/uploads\/2025\/11\/Friedenstaube_weiss_blau_kreis.svg_-300x300.png 300w, https:\/\/www.omasgegenrechts-dresden.de\/wp-content\/uploads\/2025\/11\/Friedenstaube_weiss_blau_kreis.svg_-150x150.png 150w, https:\/\/www.omasgegenrechts-dresden.de\/wp-content\/uploads\/2025\/11\/Friedenstaube_weiss_blau_kreis.svg_-768x768.png 768w\" sizes=\"auto, (max-width: 960px) 100vw, 960px\" \/><\/figure>\n<\/div>\n\n\n\n<div class=\"wp-block-column is-vertically-aligned-top is-layout-flow wp-block-column-is-layout-flow\" style=\"flex-basis:66.66%\">\n<p class=\"has-medium-font-size\">Die wei\u00dfe <strong>Friedenstaube<\/strong> von Pablo Picasso war 1949 Symbol des Weltfriedenskongresses und wurde zum globalen Emblem der Friedensbewegung. Die wei\u00dfe Taube auf blauem Grund von Mika Launis war seit den 1980er Jahren verbreitetes Symbol der westeurop\u00e4ischen und westdeutschen Friedensbewegung gegen den NATO-Doppelbeschluss. <\/p>\n\n\n\n<p class=\"has-small-font-size\">Quelle: Wikipedia<\/p>\n<\/div>\n<\/div>\n\n\n\n<div class=\"wp-block-columns is-layout-flex wp-container-core-columns-is-layout-9d6595d7 wp-block-columns-is-layout-flex\">\n<div class=\"wp-block-column is-layout-flow wp-block-column-is-layout-flow\" style=\"flex-basis:33.33%\">\n<figure class=\"wp-block-image size-full\"><img loading=\"lazy\" decoding=\"async\" width=\"1000\" height=\"1025\" src=\"https:\/\/www.omasgegenrechts-dresden.de\/wp-content\/uploads\/2025\/11\/Logo-Schwerter-zu-Pflugscharen-RGB-1.gif\" alt=\"\" class=\"wp-image-2895\"\/><\/figure>\n<\/div>\n\n\n\n<div class=\"wp-block-column is-layout-flow wp-block-column-is-layout-flow\" style=\"flex-basis:66.66%\">\n<p class=\"has-medium-font-size\">Das Bild von <strong>\u201cSchwertern zu Pflugscharen\u201d<\/strong>, aus dem biblischen Prophetenbuch Micha 4,3 (ca. 750 v. Chr.) hat eine tiefe kulturgeschichtliche Verwurzelung als Friedenssymbol.<br>1959 schenkte die Sowjetunion der UNO die abgebildete Bronzeskulptur von Jewgeni Wutschetitsch, sie steht im Garten des UNO-Hauptgeb\u00e4udes in New York.<br>In der DDR-Friedensbewegung der 1980er Jahre wurde die Darstellung zu einem Symbol der antimilitaristischen Opposition f\u00fcr die Forderung nach nuklearer Abr\u00fcstung.<\/p>\n\n\n\n<p class=\"has-small-font-size\">Grafik von Herbert Sander, 1980, Quelle: Wikipedia<\/p>\n<\/div>\n<\/div>\n\n\n\n<div class=\"wp-block-columns is-layout-flex wp-container-core-columns-is-layout-9d6595d7 wp-block-columns-is-layout-flex\">\n<div class=\"wp-block-column is-layout-flow wp-block-column-is-layout-flow\" style=\"flex-basis:33.33%\">\n<figure class=\"wp-block-image size-full\"><img loading=\"lazy\" decoding=\"async\" width=\"300\" height=\"300\" src=\"https:\/\/www.omasgegenrechts-dresden.de\/wp-content\/uploads\/2025\/11\/peace_zeichen1.png\" alt=\"\" class=\"wp-image-2898\" srcset=\"https:\/\/www.omasgegenrechts-dresden.de\/wp-content\/uploads\/2025\/11\/peace_zeichen1.png 300w, https:\/\/www.omasgegenrechts-dresden.de\/wp-content\/uploads\/2025\/11\/peace_zeichen1-150x150.png 150w\" sizes=\"auto, (max-width: 300px) 100vw, 300px\" \/><\/figure>\n<\/div>\n\n\n\n<div class=\"wp-block-column is-layout-flow wp-block-column-is-layout-flow\" style=\"flex-basis:66.66%\">\n<p class=\"has-medium-font-size\">Das <strong>CND-Symbol<\/strong> wurde 1958 von Gerald Holtom f\u00fcr die britische Kampagne zur nuklearen Abr\u00fcstung (englisch: Campaign for Nuclear Disarmament, kurz CND) entworfen. Es kombiniert die Signale des internationalen Winkeralphabets f\u00fcr N (Nuclear) und D (Disarmament) und umschlie\u00dft sie mit einem Kreis, der die Erde symbolisiert. Sp\u00e4ter wurde das Symbol f\u00fcr Pazifismus und Solidarit\u00e4t weltweit im Widerstand gegen den Vietnamkrieg und von der 68er-Bewegung benutzt.<\/p>\n\n\n\n<p class=\"has-small-font-size\">Kwamikagami &#8211; Eigenes Werk, Gemeinfrei <\/p>\n<\/div>\n<\/div>\n","protected":false},"excerpt":{"rendered":"<p>Die Friedenstaube fliegt nicht f\u00fcr Faschismus und Rassismus! Friedenstaube, Schwerter zu Pflugscharen, das CND-Symbol \u2013 das sind Zeichen f\u00fcr eine bessere Welt, f\u00fcr die Forderung nach Frieden und ein gleichberechtigtes Zusammenleben aller Menschen. Rechte Parteien, die Faschismus und Rassismus propagieren, vereinnahmen diese Symbole. Sie gewinnen so Menschen f\u00fcr sich, die mit der einseitigen Politik der Aufr\u00fcstung nicht einverstanden sind. Schaut<\/p>\n","protected":false},"author":5,"featured_media":0,"parent":0,"menu_order":0,"comment_status":"closed","ping_status":"closed","template":"","meta":{"om_disable_all_campaigns":false,"_monsterinsights_skip_tracking":false,"_monsterinsights_sitenote_active":false,"_monsterinsights_sitenote_note":"","_monsterinsights_sitenote_category":0,"footnotes":""},"class_list":["post-2893","page","type-page","status-publish","hentry"],"aioseo_notices":[],"_links":{"self":[{"href":"https:\/\/www.omasgegenrechts-dresden.de\/index.php\/wp-json\/wp\/v2\/pages\/2893","targetHints":{"allow":["GET"]}}],"collection":[{"href":"https:\/\/www.omasgegenrechts-dresden.de\/index.php\/wp-json\/wp\/v2\/pages"}],"about":[{"href":"https:\/\/www.omasgegenrechts-dresden.de\/index.php\/wp-json\/wp\/v2\/types\/page"}],"author":[{"embeddable":true,"href":"https:\/\/www.omasgegenrechts-dresden.de\/index.php\/wp-json\/wp\/v2\/users\/5"}],"replies":[{"embeddable":true,"href":"https:\/\/www.omasgegenrechts-dresden.de\/index.php\/wp-json\/wp\/v2\/comments?post=2893"}],"version-history":[{"count":4,"href":"https:\/\/www.omasgegenrechts-dresden.de\/index.php\/wp-json\/wp\/v2\/pages\/2893\/revisions"}],"predecessor-version":[{"id":2925,"href":"https:\/\/www.omasgegenrechts-dresden.de\/index.php\/wp-json\/wp\/v2\/pages\/2893\/revisions\/2925"}],"wp:attachment":[{"href":"https:\/\/www.omasgegenrechts-dresden.de\/index.php\/wp-json\/wp\/v2\/media?parent=2893"}],"curies":[{"name":"wp","href":"https:\/\/api.w.org\/{rel}","templated":true}]}}