{"id":45,"date":"2021-11-29T15:46:08","date_gmt":"2021-11-29T14:46:08","guid":{"rendered":"http:\/\/www.omasgegenrechts-dresden.de\/?page_id=45"},"modified":"2026-03-31T19:50:31","modified_gmt":"2026-03-31T17:50:31","slug":"netzwerk","status":"publish","type":"page","link":"https:\/\/www.omasgegenrechts-dresden.de\/index.php\/netzwerk\/","title":{"rendered":"Netzwerk"},"content":{"rendered":"\n<p>Das Netzwerk der OMAS GEGEN RECHTS.DRESDEN enth\u00e4lt Organisationen und Institutionen, mit denen wir in Kontakt stehen bzw. uns gegenseitig unterst\u00fctzen. Das bedeutet nicht, dass deren Standpunkte, Aussagen und Aktionen in jedem Fall voll geteilt werden.<\/p>\n\n\n\n<p><a href=\"https:\/\/www.facebook.com\/dresdenoffenundtolerant\" target=\"_blank\" rel=\"noopener\" title=\"B\u00fcndnis f\u00fcr ein offenes Dresden\">B\u00fcndnis f\u00fcr ein offenes Dresden<\/a> (Facebook)<\/p>\n\n\n\n<p><a href=\"https:\/\/dresdenfueralle.de\/\" target=\"_blank\" rel=\"noopener\" title=\"Dresden f\u00fcr Alle\">Dresden f\u00fcr Alle<\/a><\/p>\n\n\n\n<p><a href=\"https:\/\/www.saechsische.de\/dresden\/wir-wollen-verhindern-dass-neonazis-durch-dresden-laufen-5818775.html\" target=\"_blank\" rel=\"noopener\" title=\"Dresden WiEdersetzen\">Dresden WiEdersetzen<\/a> (Nachfolge von <a href=\"https:\/\/dresden-nazifrei.com\/\" target=\"_blank\" rel=\"noopener\" title=\"Dresden Nazifrei\">Dresden Nazifrei<\/a>)<\/p>\n\n\n\n<p><a href=\"https:\/\/www.frauenbildungshaus-dresden.de\/\" target=\"_blank\" rel=\"noopener\" title=\"\">FrauenBildungsHaus Dresden e.V.<\/a> <\/p>\n\n\n\n<p><a href=\"https:\/\/haltung-zeigen.com\/\" target=\"_blank\" rel=\"noreferrer noopener\">Haltung zeigen<\/a><\/p>\n\n\n\n<p><a href=\"https:\/\/hsh-dresden.de\/\" target=\"_blank\" rel=\"noopener\" title=\"Herz statt Hetze\">Herz statt Hetze<\/a><\/p>\n\n\n\n<p><a href=\"https:\/\/www.aktion-zivilcourage.de\" target=\"_blank\" rel=\"noreferrer noopener\">Aktion Zivilcourage Pirna e.V.<\/a><\/p>\n\n\n\n<p><a href=\"https:\/\/demokratiebuendnisost.wordpress.com\/\" target=\"_blank\" rel=\"noopener\" title=\"\">Demokratieb\u00fcndnis OST<\/a><\/p>\n\n\n\n<p><a href=\"https:\/\/omasgegenrechts-deutschland.de\/\" target=\"_blank\" rel=\"noreferrer noopener\">OMAS GEGEN RECHTS Deutschland-B\u00fcndnis<\/a><\/p>\n\n\n\n<p><a href=\"https:\/\/www.omas-gegen-rechts.org\/\" target=\"_blank\" rel=\"noopener\" title=\"\">OMAS GEGEN RECHTS in Deutschland e.V.<\/a><\/p>\n\n\n\n<p><a href=\"https:\/\/stiftung-gegen-rassismus.de\/schulter-an-schulter\" target=\"_blank\" rel=\"noreferrer noopener\">Schulter an Schulter e.V.<\/a><\/p>\n\n\n\n<p><a data-type=\"URL\" data-id=\"https:\/\/csd-deutschland.de\" href=\"https:\/\/csd-deutschland.de\" target=\"_blank\" rel=\"noreferrer noopener\">Christopher Street Day e.V.<\/a><\/p>\n","protected":false},"excerpt":{"rendered":"<p>Das Netzwerk der OMAS GEGEN RECHTS.DRESDEN enth\u00e4lt Organisationen und Institutionen, mit denen wir in Kontakt stehen bzw. uns gegenseitig unterst\u00fctzen. Das bedeutet nicht, dass deren Standpunkte, Aussagen und Aktionen in jedem Fall voll geteilt werden. B\u00fcndnis f\u00fcr ein offenes Dresden (Facebook) Dresden f\u00fcr Alle Dresden WiEdersetzen (Nachfolge von Dresden Nazifrei) FrauenBildungsHaus Dresden e.V. Haltung zeigen Herz statt Hetze Aktion Zivilcourage<\/p>\n","protected":false},"author":1,"featured_media":0,"parent":0,"menu_order":0,"comment_status":"closed","ping_status":"closed","template":"","meta":{"om_disable_all_campaigns":false,"_monsterinsights_skip_tracking":false,"_monsterinsights_sitenote_active":false,"_monsterinsights_sitenote_note":"","_monsterinsights_sitenote_category":0,"footnotes":""},"class_list":["post-45","page","type-page","status-publish","hentry"],"aioseo_notices":[],"_links":{"self":[{"href":"https:\/\/www.omasgegenrechts-dresden.de\/index.php\/wp-json\/wp\/v2\/pages\/45","targetHints":{"allow":["GET"]}}],"collection":[{"href":"https:\/\/www.omasgegenrechts-dresden.de\/index.php\/wp-json\/wp\/v2\/pages"}],"about":[{"href":"https:\/\/www.omasgegenrechts-dresden.de\/index.php\/wp-json\/wp\/v2\/types\/page"}],"author":[{"embeddable":true,"href":"https:\/\/www.omasgegenrechts-dresden.de\/index.php\/wp-json\/wp\/v2\/users\/1"}],"replies":[{"embeddable":true,"href":"https:\/\/www.omasgegenrechts-dresden.de\/index.php\/wp-json\/wp\/v2\/comments?post=45"}],"version-history":[{"count":20,"href":"https:\/\/www.omasgegenrechts-dresden.de\/index.php\/wp-json\/wp\/v2\/pages\/45\/revisions"}],"predecessor-version":[{"id":3139,"href":"https:\/\/www.omasgegenrechts-dresden.de\/index.php\/wp-json\/wp\/v2\/pages\/45\/revisions\/3139"}],"wp:attachment":[{"href":"https:\/\/www.omasgegenrechts-dresden.de\/index.php\/wp-json\/wp\/v2\/media?parent=45"}],"curies":[{"name":"wp","href":"https:\/\/api.w.org\/{rel}","templated":true}]}}