{"id":74,"date":"2021-11-29T16:00:58","date_gmt":"2021-11-29T15:00:58","guid":{"rendered":"http:\/\/www.omasgegenrechts-dresden.de\/?page_id=74"},"modified":"2026-03-31T19:48:19","modified_gmt":"2026-03-31T17:48:19","slug":"uber-uns","status":"publish","type":"page","link":"https:\/\/www.omasgegenrechts-dresden.de\/index.php\/uber-uns\/","title":{"rendered":"\u00dcber uns"},"content":{"rendered":"\n<div class=\"wp-block-columns is-layout-flex wp-container-core-columns-is-layout-9d6595d7 wp-block-columns-is-layout-flex\">\n<div class=\"wp-block-column is-vertically-aligned-center is-layout-flow wp-block-column-is-layout-flow\" style=\"flex-basis:33.33%\">\n<figure class=\"wp-block-image size-large\"><img loading=\"lazy\" decoding=\"async\" width=\"660\" height=\"1024\" src=\"https:\/\/www.omasgegenrechts-dresden.de\/wp-content\/uploads\/2021\/11\/Picture2-660x1024.jpg\" alt=\"\" class=\"wp-image-66\" style=\"aspect-ratio:0.6445272655578372\" srcset=\"https:\/\/www.omasgegenrechts-dresden.de\/wp-content\/uploads\/2021\/11\/Picture2-660x1024.jpg 660w, https:\/\/www.omasgegenrechts-dresden.de\/wp-content\/uploads\/2021\/11\/Picture2-193x300.jpg 193w, https:\/\/www.omasgegenrechts-dresden.de\/wp-content\/uploads\/2021\/11\/Picture2-300x465.jpg 300w, https:\/\/www.omasgegenrechts-dresden.de\/wp-content\/uploads\/2021\/11\/Picture2.jpg 736w\" sizes=\"auto, (max-width: 660px) 100vw, 660px\" \/><\/figure>\n<\/div>\n\n\n\n<div class=\"wp-block-column is-vertically-aligned-top is-layout-flow wp-block-column-is-layout-flow\" style=\"flex-basis:66.66%\">\n<h2 class=\"wp-block-heading\">Wer sind wir?<\/h2>\n\n\n\n<p>Wir sind eine Gruppe gesellschaftlich aktiver Frauen.<br>Wir erheben unsere Stimme gemeinsam f\u00fcr eine friedliche und lebenswerte Zukunft kommender Generationen.<br>Wir treten als zivilgesellschaftliche Initiative sichtbar, mit Anstand und unbeirrbar auf. <br>Wir sind parteipolitisch und finanziell unabh\u00e4ngig.<br>Wir sind Gespr\u00e4chspartnerinnen in der gesellschaftlichen und politischen Auseinandersetzung f\u00fcr Demokratie.<\/p>\n<\/div>\n<\/div>\n\n\n\n<h2 class=\"wp-block-heading\">WORUM GEHT ES UNS?<\/h2>\n\n\n\n<p>Wir setzen uns ein f\u00fcr eine demokratische, rechtsstaatlich organisierte, freie Gesellschaft in einem gemeinsamen Europa. Unser Einsatz f\u00fcr Frieden und eine lebenswerte Umwelt hat das Zusammenleben weltweit im Blick. (siehe <a href=\"https:\/\/www.omasgegenrechts-dresden.de\/index.php\/wir-zum-thema-klima\/\" target=\"_blank\" rel=\"noopener\" title=\"\">&#8220;Wir zum Thema Klima&#8221;<\/a> und <a href=\"https:\/\/www.omasgegenrechts-dresden.de\/index.php\/wir-zum-thema-frieden\/\" target=\"_blank\" rel=\"noopener\" title=\"\">&#8220;Wir zum Thema Frieden&#8221;<\/a>)<br>Wir treten ein f\u00fcr Respekt und Achtung gegen\u00fcber allen Menschen in ihrer Individualit\u00e4t.<br>Wir wollen dazu beitragen, ein Bewusstsein f\u00fcr die Probleme unserer Zeit zu schaffen, und zu aktivem Handeln im Sinne der Gesellschaft anregen.<br>Wir treten ein f\u00fcr gleiche Rechte aller in Deutschland lebenden Menschen und f\u00fcr den Erhalt sozialer Standards.<\/p>\n\n\n\n<h2 class=\"wp-block-heading\">WIE SIEHT DAS PRAKTISCH AUS?<\/h2>\n\n\n\n<p>Wir setzen uns mit aktuellen Themen auseinander und bilden uns politisch weiter.<br>Wir vernetzen uns mit inhaltlich verwandten Initiativen.<br>Wir nutzen die vielf\u00e4ltigen F\u00e4higkeiten in unserer Gruppe und handeln nach demokratischen Grunds\u00e4tzen.<br>F\u00fcr unsere Arbeit haben wir uns verbindliche Regeln gegeben.<\/p>\n\n\n\n<hr class=\"wp-block-separator has-text-color has-primary-color has-alpha-channel-opacity has-primary-background-color has-background is-style-wide\"\/>\n\n\n\n<h3 class=\"wp-block-heading\">Kontakt<\/h3>\n\n\n\n<p>Hier k\u00f6nnt Ihr mit uns in <a href=\"https:\/\/www.omasgegenrechts-dresden.de\/index.php\/kontakt\/\" title=\"Kontakt\">Kontakt<\/a> treten.<\/p>\n\n\n\n<p>Wir sind auch auf Facebook: Es gibt sowohl eine <a href=\"https:\/\/www.facebook.com\/profile.php?id=100082688465626\" target=\"_blank\" rel=\"noopener\" title=\"\u00f6ffentliche Seite\">\u00f6ffentliche Seite<\/a> als auch eine <a href=\"https:\/\/www.facebook.com\/groups\/399731047539111\" target=\"_blank\" rel=\"noopener\" title=\"private Gruppe\">private Gruppe<\/a>!<\/p>\n\n\n\n<hr class=\"wp-block-separator has-text-color has-primary-color has-alpha-channel-opacity has-primary-background-color has-background is-style-wide\"\/>\n\n\n\n<p><\/p>\n","protected":false},"excerpt":{"rendered":"<p>Wer sind wir? Wir sind eine Gruppe gesellschaftlich aktiver Frauen.Wir erheben unsere Stimme gemeinsam f\u00fcr eine friedliche und lebenswerte Zukunft kommender Generationen.Wir treten als zivilgesellschaftliche Initiative sichtbar, mit Anstand und unbeirrbar auf. Wir sind parteipolitisch und finanziell unabh\u00e4ngig.Wir sind Gespr\u00e4chspartnerinnen in der gesellschaftlichen und politischen Auseinandersetzung f\u00fcr Demokratie. WORUM GEHT ES UNS? Wir setzen uns ein f\u00fcr eine demokratische, rechtsstaatlich<\/p>\n","protected":false},"author":1,"featured_media":0,"parent":0,"menu_order":0,"comment_status":"closed","ping_status":"closed","template":"","meta":{"om_disable_all_campaigns":false,"_monsterinsights_skip_tracking":false,"_monsterinsights_sitenote_active":false,"_monsterinsights_sitenote_note":"","_monsterinsights_sitenote_category":0,"footnotes":""},"class_list":["post-74","page","type-page","status-publish","hentry"],"aioseo_notices":[],"_links":{"self":[{"href":"https:\/\/www.omasgegenrechts-dresden.de\/index.php\/wp-json\/wp\/v2\/pages\/74","targetHints":{"allow":["GET"]}}],"collection":[{"href":"https:\/\/www.omasgegenrechts-dresden.de\/index.php\/wp-json\/wp\/v2\/pages"}],"about":[{"href":"https:\/\/www.omasgegenrechts-dresden.de\/index.php\/wp-json\/wp\/v2\/types\/page"}],"author":[{"embeddable":true,"href":"https:\/\/www.omasgegenrechts-dresden.de\/index.php\/wp-json\/wp\/v2\/users\/1"}],"replies":[{"embeddable":true,"href":"https:\/\/www.omasgegenrechts-dresden.de\/index.php\/wp-json\/wp\/v2\/comments?post=74"}],"version-history":[{"count":28,"href":"https:\/\/www.omasgegenrechts-dresden.de\/index.php\/wp-json\/wp\/v2\/pages\/74\/revisions"}],"predecessor-version":[{"id":3137,"href":"https:\/\/www.omasgegenrechts-dresden.de\/index.php\/wp-json\/wp\/v2\/pages\/74\/revisions\/3137"}],"wp:attachment":[{"href":"https:\/\/www.omasgegenrechts-dresden.de\/index.php\/wp-json\/wp\/v2\/media?parent=74"}],"curies":[{"name":"wp","href":"https:\/\/api.w.org\/{rel}","templated":true}]}}